{"id":38,"date":"2025-12-29T10:01:10","date_gmt":"2025-12-29T13:01:10","guid":{"rendered":"http:\/\/beckersautomacao-com-br.umbler.net\/?page_id=38"},"modified":"2026-04-15T15:20:03","modified_gmt":"2026-04-15T18:20:03","slug":"spda","status":"publish","type":"page","link":"https:\/\/beckers.ind.br\/?page_id=38","title":{"rendered":"Sistema de Prote\u00e7\u00e3o SPDA"},"content":{"rendered":"\t\t<div data-elementor-type=\"wp-page\" data-elementor-id=\"38\" class=\"elementor elementor-38\" data-elementor-post-type=\"page\">\n\t\t\t\t<div class=\"elementor-element elementor-element-0874061 e-flex e-con-boxed e-con e-parent\" data-id=\"0874061\" data-element_type=\"container\" data-settings=\"{&quot;background_background&quot;:&quot;gradient&quot;,&quot;shape_divider_top&quot;:&quot;triangle&quot;,&quot;shape_divider_bottom&quot;:&quot;tilt&quot;}\">\n\t\t\t\t\t<div class=\"e-con-inner\">\n\t\t\t\t<div class=\"elementor-shape elementor-shape-top\" aria-hidden=\"true\" data-negative=\"false\">\n\t\t\t<svg xmlns=\"http:\/\/www.w3.org\/2000\/svg\" viewBox=\"0 0 1000 100\" preserveAspectRatio=\"none\">\n\t<path class=\"elementor-shape-fill\" d=\"M500,98.9L0,6.1V0h1000v6.1L500,98.9z\"\/>\n<\/svg>\t\t<\/div>\n\t\t\t\t<div class=\"elementor-shape elementor-shape-bottom\" aria-hidden=\"true\" data-negative=\"false\">\n\t\t\t<svg xmlns=\"http:\/\/www.w3.org\/2000\/svg\" viewBox=\"0 0 1000 100\" preserveAspectRatio=\"none\">\n\t<path class=\"elementor-shape-fill\" d=\"M0,6V0h1000v100L0,6z\"\/>\n<\/svg>\t\t<\/div>\n\t\t<div class=\"elementor-element elementor-element-794f358 e-con-full e-flex e-con e-child\" data-id=\"794f358\" data-element_type=\"container\">\n\t\t\t\t<div class=\"elementor-element elementor-element-f3a5b95 elementor-widget elementor-widget-heading\" data-id=\"f3a5b95\" data-element_type=\"widget\" data-widget_type=\"heading.default\">\n\t\t\t\t\t<h2 class=\"elementor-heading-title elementor-size-default\">DAT CONTROLER\u00ae  Para-Raios<\/h2>\t\t\t\t<\/div>\n\t\t\t\t<div class=\"elementor-element elementor-element-de4ff4b elementor-widget elementor-widget-text-editor\" data-id=\"de4ff4b\" data-element_type=\"widget\" data-widget_type=\"text-editor.default\">\n\t\t\t\t\t\t\t\t\t<p><span style=\"color: #ff6600;\"><strong>Para-raios<\/strong><\/span> com dispositivo de ioniza\u00e7\u00e3o e<br \/>autodiagn\u00f3stico\u00a0<\/p>\t\t\t\t\t\t\t\t<\/div>\n\t\t\t\t<\/div>\n\t\t<div class=\"elementor-element elementor-element-7f62021 e-con-full e-flex e-con e-child\" data-id=\"7f62021\" data-element_type=\"container\">\n\t\t<div class=\"elementor-element elementor-element-d36c12e e-con-full e-flex e-con e-child\" data-id=\"d36c12e\" data-element_type=\"container\">\n\t\t\t\t<div class=\"elementor-element elementor-element-574c2a6 elementor-widget elementor-widget-image\" data-id=\"574c2a6\" data-element_type=\"widget\" data-widget_type=\"image.default\">\n\t\t\t\t\t\t\t\t\t\t\t\t\t\t\t<img decoding=\"async\" src=\"https:\/\/beckers.ind.br\/wp-content\/uploads\/2024\/09\/Instalacion_Edificio-1.png\" title=\"\" alt=\"\" loading=\"lazy\" \/>\t\t\t\t\t\t\t\t\t\t\t\t\t\t\t<\/div>\n\t\t\t\t<\/div>\n\t\t<div class=\"elementor-element elementor-element-912f90b e-con-full e-flex e-con e-child\" data-id=\"912f90b\" data-element_type=\"container\">\n\t\t\t\t<div class=\"elementor-element elementor-element-faa2b04 elementor-widget elementor-widget-image\" data-id=\"faa2b04\" data-element_type=\"widget\" data-widget_type=\"image.default\">\n\t\t\t\t\t\t\t\t\t\t\t\t\t\t\t<img decoding=\"async\" src=\"https:\/\/beckers.ind.br\/wp-content\/uploads\/2024\/09\/kkkk.png\" title=\"\" alt=\"\" loading=\"lazy\" \/>\t\t\t\t\t\t\t\t\t\t\t\t\t\t\t<\/div>\n\t\t\t\t<\/div>\n\t\t\t\t<\/div>\n\t\t\t\t\t<\/div>\n\t\t\t\t<\/div>\n\t\t<div class=\"elementor-element elementor-element-0a4ab78 e-flex e-con-boxed e-con e-parent\" data-id=\"0a4ab78\" data-element_type=\"container\">\n\t\t\t\t\t<div class=\"e-con-inner\">\n\t\t\t\t<div class=\"elementor-element elementor-element-db1b86f elementor-widget elementor-widget-heading\" data-id=\"db1b86f\" data-element_type=\"widget\" data-widget_type=\"heading.default\">\n\t\t\t\t\t<h2 class=\"elementor-heading-title elementor-size-default\">VANTAGENS do para-raio inteligente\n\n<\/h2>\t\t\t\t<\/div>\n\t\t\t\t<div class=\"elementor-element elementor-element-61b37d9 elementor-widget elementor-widget-heading\" data-id=\"61b37d9\" data-element_type=\"widget\" data-widget_type=\"heading.default\">\n\t\t\t\t\t<h2 class=\"elementor-heading-title elementor-size-default\">DAT CONTROLER\u00ae\n\n<\/h2>\t\t\t\t<\/div>\n\t\t\t\t\t<\/div>\n\t\t\t\t<\/div>\n\t\t<div class=\"elementor-element elementor-element-a4a5215 e-flex e-con-boxed e-con e-parent\" data-id=\"a4a5215\" data-element_type=\"container\">\n\t\t\t\t\t<div class=\"e-con-inner\">\n\t\t<div class=\"elementor-element elementor-element-9696f90 e-con-full e-flex e-con e-child\" data-id=\"9696f90\" data-element_type=\"container\">\n\t\t\t\t<div class=\"elementor-element elementor-element-58b1102 elementor-widget elementor-widget-heading\" data-id=\"58b1102\" data-element_type=\"widget\" data-widget_type=\"heading.default\">\n\t\t\t\t\t<h2 class=\"elementor-heading-title elementor-size-default\">Eficiencia na prote\u00e7\u00e3o<\/h2>\t\t\t\t<\/div>\n\t\t\t\t<div class=\"elementor-element elementor-element-c4a1da2 elementor-widget elementor-widget-text-editor\" data-id=\"c4a1da2\" data-element_type=\"widget\" data-widget_type=\"text-editor.default\">\n\t\t\t\t\t\t\t\t\t<p>A antecipa\u00e7\u00e3o de sinal permite que o SPDA Dat Controller identifique a presen\u00e7a de descargas atmosf\u00e9ricas, aumentando a efic\u00e1cia na prote\u00e7\u00e3o contra danos el\u00e9tricos e estruturais<\/p>\t\t\t\t\t\t\t\t<\/div>\n\t\t\t\t<div class=\"elementor-element elementor-element-952d410 elementor-widget elementor-widget-heading\" data-id=\"952d410\" data-element_type=\"widget\" data-widget_type=\"heading.default\">\n\t\t\t\t\t<h2 class=\"elementor-heading-title elementor-size-default\">Redu\u00e7\u00e3o de riscos<\/h2>\t\t\t\t<\/div>\n\t\t\t\t<div class=\"elementor-element elementor-element-52e216d elementor-widget elementor-widget-text-editor\" data-id=\"52e216d\" data-element_type=\"widget\" data-widget_type=\"text-editor.default\">\n\t\t\t\t\t\t\t\t\t<p>Ao detectar sinais de tempestades el\u00e9tricas com anteced\u00eancia, o sistema minimiza o risco de danos a equipamentos sens\u00edveis e \u00e0 pr\u00f3pria estrutura do edif\u00edcio<\/p>\t\t\t\t\t\t\t\t<\/div>\n\t\t\t\t<div class=\"elementor-element elementor-element-788638f elementor-widget elementor-widget-heading\" data-id=\"788638f\" data-element_type=\"widget\" data-widget_type=\"heading.default\">\n\t\t\t\t\t<h2 class=\"elementor-heading-title elementor-size-default\">Confiabilidade operacional<\/h2>\t\t\t\t<\/div>\n\t\t\t\t<div class=\"elementor-element elementor-element-de03522 elementor-widget elementor-widget-text-editor\" data-id=\"de03522\" data-element_type=\"widget\" data-widget_type=\"text-editor.default\">\n\t\t\t\t\t\t\t\t\t<p><span class=\"OYPEnA font-feature-liga-off font-feature-clig-off font-feature-calt-off text-decoration-none text-strikethrough-none\">A tecnologia avan\u00e7ada do Dat Controller assegura uma opera\u00e7\u00e3o cont\u00ednua e confi\u00e1vel, garantindo que o sistema esteja sempre preparado para responder rapidamente a qualquer amea\u00e7a de descarga atmosf\u00e9rica<\/span>.<\/p>\t\t\t\t\t\t\t\t<\/div>\n\t\t\t\t<\/div>\n\t\t<div class=\"elementor-element elementor-element-d230416 e-con-full e-flex e-con e-child\" data-id=\"d230416\" data-element_type=\"container\">\n\t\t\t\t<div class=\"elementor-element elementor-element-5639fd5 elementor-widget elementor-widget-heading\" data-id=\"5639fd5\" data-element_type=\"widget\" data-widget_type=\"heading.default\">\n\t\t\t\t\t<h2 class=\"elementor-heading-title elementor-size-default\">Manuten\u00e7\u00e3o preventiva<\/h2>\t\t\t\t<\/div>\n\t\t\t\t<div class=\"elementor-element elementor-element-71a82fd elementor-widget elementor-widget-text-editor\" data-id=\"71a82fd\" data-element_type=\"widget\" data-widget_type=\"text-editor.default\">\n\t\t\t\t\t\t\t\t\t<p>Com a capacidade de antecipar descargas, \u00e9 poss\u00edvel implementar medidas preventivas e realizar manuten\u00e7\u00f5es adequadas antes mesmo da ocorr\u00eancia de eventos adversos, prolongando a vida \u00fatil do sistema e dos equipamentos protegidos<\/p>\t\t\t\t\t\t\t\t<\/div>\n\t\t\t\t<div class=\"elementor-element elementor-element-fccef44 elementor-widget elementor-widget-heading\" data-id=\"fccef44\" data-element_type=\"widget\" data-widget_type=\"heading.default\">\n\t\t\t\t\t<h2 class=\"elementor-heading-title elementor-size-default\">Compatibilidade com normas<\/h2>\t\t\t\t<\/div>\n\t\t\t\t<div class=\"elementor-element elementor-element-6dc3b03 elementor-widget elementor-widget-text-editor\" data-id=\"6dc3b03\" data-element_type=\"widget\" data-widget_type=\"text-editor.default\">\n\t\t\t\t\t\t\t\t\t<p>O SPDA Dat Controller atende \u00e0s normas t\u00e9cnicas vigentes, proporcionando tranquilidade quanto \u00e0 conformidade legal e \u00e0 seguran\u00e7a das instala\u00e7\u00f5es<\/p>\t\t\t\t\t\t\t\t<\/div>\n\t\t\t\t<div class=\"elementor-element elementor-element-3a2fc50 elementor-widget elementor-widget-button\" data-id=\"3a2fc50\" data-element_type=\"widget\" data-widget_type=\"button.default\">\n\t\t\t\t\t\t\t\t\t\t<a class=\"elementor-button elementor-button-link elementor-size-sm\" href=\"https:\/\/wa.me\/554999060664\">\n\t\t\t\t\t\t<span class=\"elementor-button-content-wrapper\">\n\t\t\t\t\t\t\t\t\t<span class=\"elementor-button-text\">Quero saber mais <\/span>\n\t\t\t\t\t<\/span>\n\t\t\t\t\t<\/a>\n\t\t\t\t\t\t\t\t<\/div>\n\t\t\t\t<\/div>\n\t\t<div class=\"elementor-element elementor-element-e070519 e-con-full e-flex e-con e-child\" data-id=\"e070519\" data-element_type=\"container\">\n\t\t\t\t<div class=\"elementor-element elementor-element-5d02b3a elementor-widget elementor-widget-image\" data-id=\"5d02b3a\" data-element_type=\"widget\" data-widget_type=\"image.default\">\n\t\t\t\t\t\t\t\t\t\t\t\t\t\t\t<img fetchpriority=\"high\" decoding=\"async\" width=\"800\" height=\"800\" src=\"https:\/\/beckers.ind.br\/wp-content\/uploads\/2026\/03\/lllll-1-1024x1024.png\" class=\"attachment-large size-large wp-image-972\" alt=\"\" srcset=\"https:\/\/beckers.ind.br\/wp-content\/uploads\/2026\/03\/lllll-1-1024x1024.png 1024w, https:\/\/beckers.ind.br\/wp-content\/uploads\/2026\/03\/lllll-1-300x300.png 300w, https:\/\/beckers.ind.br\/wp-content\/uploads\/2026\/03\/lllll-1-150x150.png 150w, https:\/\/beckers.ind.br\/wp-content\/uploads\/2026\/03\/lllll-1-768x768.png 768w, https:\/\/beckers.ind.br\/wp-content\/uploads\/2026\/03\/lllll-1.png 1080w\" sizes=\"(max-width: 800px) 100vw, 800px\" \/>\t\t\t\t\t\t\t\t\t\t\t\t\t\t\t<\/div>\n\t\t\t\t<\/div>\n\t\t\t\t\t<\/div>\n\t\t\t\t<\/div>\n\t\t\t\t<\/div>\n\t\t","protected":false},"excerpt":{"rendered":"<p>DAT CONTROLER\u00ae Para-Raios Para-raios com dispositivo de ioniza\u00e7\u00e3o eautodiagn\u00f3stico\u00a0 VANTAGENS do para-raio inteligente DAT CONTROLER\u00ae Eficiencia na prote\u00e7\u00e3o A antecipa\u00e7\u00e3o de sinal permite que o SPDA Dat Controller identifique a presen\u00e7a de descargas atmosf\u00e9ricas, aumentando a efic\u00e1cia na prote\u00e7\u00e3o contra danos el\u00e9tricos e estruturais Redu\u00e7\u00e3o de riscos Ao detectar sinais de tempestades el\u00e9tricas com anteced\u00eancia, [&hellip;]<\/p>\n","protected":false},"author":1,"featured_media":0,"parent":0,"menu_order":0,"comment_status":"closed","ping_status":"closed","template":"elementor_header_footer","meta":{"footnotes":""},"class_list":["post-38","page","type-page","status-publish","hentry"],"_links":{"self":[{"href":"https:\/\/beckers.ind.br\/index.php?rest_route=\/wp\/v2\/pages\/38","targetHints":{"allow":["GET"]}}],"collection":[{"href":"https:\/\/beckers.ind.br\/index.php?rest_route=\/wp\/v2\/pages"}],"about":[{"href":"https:\/\/beckers.ind.br\/index.php?rest_route=\/wp\/v2\/types\/page"}],"author":[{"embeddable":true,"href":"https:\/\/beckers.ind.br\/index.php?rest_route=\/wp\/v2\/users\/1"}],"replies":[{"embeddable":true,"href":"https:\/\/beckers.ind.br\/index.php?rest_route=%2Fwp%2Fv2%2Fcomments&post=38"}],"version-history":[{"count":65,"href":"https:\/\/beckers.ind.br\/index.php?rest_route=\/wp\/v2\/pages\/38\/revisions"}],"predecessor-version":[{"id":1386,"href":"https:\/\/beckers.ind.br\/index.php?rest_route=\/wp\/v2\/pages\/38\/revisions\/1386"}],"wp:attachment":[{"href":"https:\/\/beckers.ind.br\/index.php?rest_route=%2Fwp%2Fv2%2Fmedia&parent=38"}],"curies":[{"name":"wp","href":"https:\/\/api.w.org\/{rel}","templated":true}]}}